{"id":918,"date":"2025-04-18T19:53:58","date_gmt":"2025-04-18T17:53:58","guid":{"rendered":"https:\/\/rodkolejarzolsztyn.pl\/?page_id=918"},"modified":"2025-06-10T18:25:27","modified_gmt":"2025-06-10T16:25:27","slug":"prawo-dzialek","status":"publish","type":"page","link":"https:\/\/rodkolejarzolsztyn.pl\/?page_id=918","title":{"rendered":"Op\u0142aty"},"content":{"rendered":"\t\t<div data-elementor-type=\"wp-page\" data-elementor-id=\"918\" class=\"elementor elementor-918\">\n\t\t\t\t<div class=\"elementor-element elementor-element-4c9fea90 e-flex e-con-boxed wpr-particle-no wpr-jarallax-no wpr-parallax-no wpr-sticky-section-no e-con e-parent\" data-id=\"4c9fea90\" data-element_type=\"container\">\n\t\t\t\t\t<div class=\"e-con-inner\">\n\t\t\t\t<div class=\"elementor-element elementor-element-40c7cbb elementor-widget elementor-widget-heading\" data-id=\"40c7cbb\" data-element_type=\"widget\" data-widget_type=\"heading.default\">\n\t\t\t\t<div class=\"elementor-widget-container\">\n\t\t\t\t\t<h2 class=\"elementor-heading-title elementor-size-default\">Op\u0142aty za dzia\u0142ki<\/h2>\t\t\t\t<\/div>\n\t\t\t\t<\/div>\n\t\t\t\t\t<\/div>\n\t\t\t\t<\/div>\n\t\t<div class=\"elementor-element elementor-element-97251f5 e-flex e-con-boxed wpr-particle-no wpr-jarallax-no wpr-parallax-no wpr-sticky-section-no e-con e-parent\" data-id=\"97251f5\" data-element_type=\"container\">\n\t\t\t\t\t<div class=\"e-con-inner\">\n\t\t\t\t<div class=\"elementor-element elementor-element-6cd75d7 elementor-widget-divider--view-line elementor-widget elementor-widget-divider\" data-id=\"6cd75d7\" data-element_type=\"widget\" data-widget_type=\"divider.default\">\n\t\t\t\t<div class=\"elementor-widget-container\">\n\t\t\t\t\t\t\t<div class=\"elementor-divider\">\n\t\t\t<span class=\"elementor-divider-separator\">\n\t\t\t\t\t\t<\/span>\n\t\t<\/div>\n\t\t\t\t\t\t<\/div>\n\t\t\t\t<\/div>\n\t\t\t\t\t<\/div>\n\t\t\t\t<\/div>\n\t\t<div class=\"elementor-element elementor-element-18e9924 e-flex e-con-boxed wpr-particle-no wpr-jarallax-no wpr-parallax-no wpr-sticky-section-no e-con e-parent\" data-id=\"18e9924\" data-element_type=\"container\">\n\t\t\t\t\t<div class=\"e-con-inner\">\n\t\t\t\t<div class=\"elementor-element elementor-element-868e1e8 elementor-widget elementor-widget-text-editor\" data-id=\"868e1e8\" data-element_type=\"widget\" data-widget_type=\"text-editor.default\">\n\t\t\t\t<div class=\"elementor-widget-container\">\n\t\t\t\t\t\t\t\t\t<p><span style=\"color: #000000;\">Wp\u0142at dokonujemy na numer konta:<\/span><br \/><span style=\"color: #000000;\"><b>09 8858 0001 2001 0100 8225 0001<\/b><\/span><\/p>\t\t\t\t\t\t\t\t<\/div>\n\t\t\t\t<\/div>\n\t\t\t\t\t<\/div>\n\t\t\t\t<\/div>\n\t\t<div class=\"elementor-element elementor-element-0a4a882 e-flex e-con-boxed wpr-particle-no wpr-jarallax-no wpr-parallax-no wpr-sticky-section-no e-con e-parent\" data-id=\"0a4a882\" data-element_type=\"container\">\n\t\t\t\t\t<div class=\"e-con-inner\">\n\t\t\t\t<div class=\"elementor-element elementor-element-11e126c elementor-widget elementor-widget-text-editor\" data-id=\"11e126c\" data-element_type=\"widget\" data-widget_type=\"text-editor.default\">\n\t\t\t\t<div class=\"elementor-widget-container\">\n\t\t\t\t\t\t\t\t\t<p><span style=\"color: #000000;\"><b>Tytu\u0142 przelewu: <\/b>Op\u0142ata za dzia\u0142k\u0119 *<i>nr dzia\u0142ki* *Imi\u0119 i nazwisko dzia\u0142kowca*<\/i><\/span><\/p>\t\t\t\t\t\t\t\t<\/div>\n\t\t\t\t<\/div>\n\t\t\t\t\t<\/div>\n\t\t\t\t<\/div>\n\t\t<div class=\"elementor-element elementor-element-9051dea e-flex e-con-boxed wpr-particle-no wpr-jarallax-no wpr-parallax-no wpr-sticky-section-no e-con e-parent\" data-id=\"9051dea\" data-element_type=\"container\">\n\t\t\t\t\t<div class=\"e-con-inner\">\n\t\t\t\t<div class=\"elementor-element elementor-element-4a7adfb elementor-widget elementor-widget-text-editor\" data-id=\"4a7adfb\" data-element_type=\"widget\" data-widget_type=\"text-editor.default\">\n\t\t\t\t<div class=\"elementor-widget-container\">\n\t\t\t\t\t\t\t\t\t<p><strong><span style=\"color: #000000;\">\u00a0 \u00a0 Na op\u0142at\u0119 sk\u0142adaj\u0105 si\u0119:<\/span><\/strong><br \/><span style=\"color: #000000;\">&#8211; Op\u0142ata od metra\u017cu dzia\u0142ki,<\/span><br \/><span style=\"color: #000000;\">&#8211; Op\u0142ata cz\u0142onkowska,<\/span><br \/><span style=\"color: #000000;\">&#8211; Op\u0142ata za wyw\u00f3z odpad\u00f3w,<\/span><br \/><span style=\"color: #000000;\">&#8211; Op\u0142ata za &#8230;<\/span><\/p>\t\t\t\t\t\t\t\t<\/div>\n\t\t\t\t<\/div>\n\t\t\t\t\t<\/div>\n\t\t\t\t<\/div>\n\t\t\t\t<\/div>\n\t\t","protected":false},"excerpt":{"rendered":"<p>Op\u0142aty za dzia\u0142ki Wp\u0142at dokonujemy na numer konta:09 8858 0001 2001 0100 8225 0001 Tytu\u0142 przelewu: Op\u0142ata za dzia\u0142k\u0119 *nr dzia\u0142ki* *Imi\u0119 i nazwisko dzia\u0142kowca* \u00a0 \u00a0 Na op\u0142at\u0119 sk\u0142adaj\u0105 si\u0119:&#8211; Op\u0142ata od metra\u017cu dzia\u0142ki,&#8211; Op\u0142ata cz\u0142onkowska,&#8211; Op\u0142ata za wyw\u00f3z odpad\u00f3w,&#8211; Op\u0142ata za &#8230;<\/p>\n","protected":false},"author":2,"featured_media":0,"parent":0,"menu_order":0,"comment_status":"closed","ping_status":"closed","template":"","meta":{"site-sidebar-layout":"no-sidebar","site-content-layout":"","ast-site-content-layout":"full-width-container","site-content-style":"default","site-sidebar-style":"default","ast-global-header-display":"","ast-banner-title-visibility":"","ast-main-header-display":"","ast-hfb-above-header-display":"","ast-hfb-below-header-display":"","ast-hfb-mobile-header-display":"","site-post-title":"disabled","ast-breadcrumbs-content":"","ast-featured-img":"disabled","footer-sml-layout":"","theme-transparent-header-meta":"","adv-header-id-meta":"","stick-header-meta":"","header-above-stick-meta":"","header-main-stick-meta":"","header-below-stick-meta":"","astra-migrate-meta-layouts":"default","ast-page-background-enabled":"default","ast-page-background-meta":{"desktop":{"background-color":"var(--ast-global-color-5)","background-image":"","background-repeat":"repeat","background-position":"center center","background-size":"auto","background-attachment":"scroll","background-type":"","background-media":"","overlay-type":"","overlay-color":"","overlay-opacity":"","overlay-gradient":""},"tablet":{"background-color":"","background-image":"","background-repeat":"repeat","background-position":"center center","background-size":"auto","background-attachment":"scroll","background-type":"","background-media":"","overlay-type":"","overlay-color":"","overlay-opacity":"","overlay-gradient":""},"mobile":{"background-color":"","background-image":"","background-repeat":"repeat","background-position":"center center","background-size":"auto","background-attachment":"scroll","background-type":"","background-media":"","overlay-type":"","overlay-color":"","overlay-opacity":"","overlay-gradient":""}},"ast-content-background-meta":{"desktop":{"background-color":"var(--ast-global-color-4)","background-image":"","background-repeat":"repeat","background-position":"center center","background-size":"auto","background-attachment":"scroll","background-type":"","background-media":"","overlay-type":"","overlay-color":"","overlay-opacity":"","overlay-gradient":""},"tablet":{"background-color":"var(--ast-global-color-4)","background-image":"","background-repeat":"repeat","background-position":"center center","background-size":"auto","background-attachment":"scroll","background-type":"","background-media":"","overlay-type":"","overlay-color":"","overlay-opacity":"","overlay-gradient":""},"mobile":{"background-color":"var(--ast-global-color-4)","background-image":"","background-repeat":"repeat","background-position":"center center","background-size":"auto","background-attachment":"scroll","background-type":"","background-media":"","overlay-type":"","overlay-color":"","overlay-opacity":"","overlay-gradient":""}},"footnotes":""},"class_list":["post-918","page","type-page","status-publish","hentry"],"_links":{"self":[{"href":"https:\/\/rodkolejarzolsztyn.pl\/index.php?rest_route=\/wp\/v2\/pages\/918","targetHints":{"allow":["GET"]}}],"collection":[{"href":"https:\/\/rodkolejarzolsztyn.pl\/index.php?rest_route=\/wp\/v2\/pages"}],"about":[{"href":"https:\/\/rodkolejarzolsztyn.pl\/index.php?rest_route=\/wp\/v2\/types\/page"}],"author":[{"embeddable":true,"href":"https:\/\/rodkolejarzolsztyn.pl\/index.php?rest_route=\/wp\/v2\/users\/2"}],"replies":[{"embeddable":true,"href":"https:\/\/rodkolejarzolsztyn.pl\/index.php?rest_route=%2Fwp%2Fv2%2Fcomments&post=918"}],"version-history":[{"count":13,"href":"https:\/\/rodkolejarzolsztyn.pl\/index.php?rest_route=\/wp\/v2\/pages\/918\/revisions"}],"predecessor-version":[{"id":1042,"href":"https:\/\/rodkolejarzolsztyn.pl\/index.php?rest_route=\/wp\/v2\/pages\/918\/revisions\/1042"}],"wp:attachment":[{"href":"https:\/\/rodkolejarzolsztyn.pl\/index.php?rest_route=%2Fwp%2Fv2%2Fmedia&parent=918"}],"curies":[{"name":"wp","href":"https:\/\/api.w.org\/{rel}","templated":true}]}}